{"id":18,"date":"2025-11-07T10:50:16","date_gmt":"2025-11-07T09:50:16","guid":{"rendered":"https:\/\/www.loginns.at\/privacy-policy\/"},"modified":"2025-11-07T11:17:22","modified_gmt":"2025-11-07T10:17:22","slug":"privacy-policy","status":"publish","type":"page","link":"https:\/\/www.loginns.at\/de\/privacy-policy\/","title":{"rendered":"Datenschutz"},"content":{"rendered":"<p><\/p>\n<h3>1. Datenschutz auf einen Blick<\/h3>\n<h4>Allgemeine Hinweise<\/h4>\n<p>Mit den folgenden Hinweisen m\u00f6chten wir Ihnen einen einfachen \u00dcberblick dar\u00fcber geben, was mit ihren personenbezogenen Daten geschieht, wenn Sie unsere Webseite besuchen. Mit personenbezogenen Daten werden s\u00e4mtliche Daten gemeint, mit denen Sie pers\u00f6nlich identifiziert werden k\u00f6nnen. In unserer Datenschutzerkl\u00e4rung finden Sie ausf\u00fchrliche Informationen zum Thema Datenschutz.<\/p>\n<h4>Wer ist verantwortlich f\u00fcr die Datenerfassung auf dieser Website?<\/h4>\n<p>Die Datenverarbeitung auf dieser Website erfolgt durch den Webseitenbetreiber, dessen Kontaktdaten Sie dem Impressum der Seite entnehmen k\u00f6nnen.<\/p>\n<h4>Wie werden Ihre Daten erfasst?<\/h4>\n<p>Einerseits werden Ihre Daten dadurch erhoben, dass Sie uns diese mitteilen, z.B. durch Eingabe in ein Kontaktformular. Andere Daten werden automatisch beim Besuch der Website durch unsere IT-Systeme erfasst. Hierbei handelt es sich vor allem um technische Daten, wie Informationen zum verwendeten Browser, zum Betriebssystem oder der Uhrzeit des Seitenaufrufs. Sobald Sie unsere Seite besuchen, erfolgt eine automatisierte Erfassung dieser Daten.<\/p>\n<h4>Wof\u00fcr werden diese automatisch erfassten Daten genutzt?<\/h4>\n<p>Einen Teil Ihrer Daten verwenden wir, um eine fehlerfreie Bereitstellung unserer Webseite zu gew\u00e4hrleisten. Andere Daten k\u00f6nnen zur Analyse Ihres Nutzerverhaltens verwendet werden.<\/p>\n<h4>Welche Rechte haben Sie bez\u00fcglich Ihrer Daten?<\/h4>\n<p>Sie haben jederzeit das Recht unentgeltlich Auskunft \u00fcber Herkunft, Empf\u00e4nger und Zweck Ihrer gespeicherten personenbezogenen Daten zu erhalten. Sie haben au\u00dferdem das Recht auf Berichtigung, Sperrung oder L\u00f6schung dieser Daten. Hierzu k\u00f6nnen Sie sich jederzeit unter der im Impressum angegebenen Adresse an uns wenden. Wenn Sie glauben, dass die Verarbeitung Ihrer Daten gegen das Datenschutzrecht verst\u00f6\u00dft oder Ihre datenschutzrechtlichen Anspr\u00fcche sonst in einer Weise verletzt worden sind, k\u00f6nnen Sie sich bei der Aufsichtsbeh\u00f6rde beschweren. In \u00d6sterreich ist dies die Datenschutzbeh\u00f6rde.<\/p>\n<h4>SSL- bzw. TLS-Verschl\u00fcsselung<\/h4>\n<p>Unsere Seite verwendet aus Sicherheitsgr\u00fcnden und zum Schutz der \u00dcbertragung vertraulicher Inhalte, wie z.B. Ihre Bestellungen oder an uns gesendete Anfragen, eine SSL- bzw. TLS-Verschl\u00fcsselung. Sie erkennen die verschl\u00fcsselte Verbindung an der Adresszeile Ihres Browsers (\u201chttps:\/\/\u201d bzw. Schl\u00fcssel- oder Schlosssymbol, je nach verwendetem Browser). Bei aktivierter SSL- bzw. TLS-Verschl\u00fcsselung k\u00f6nnen Daten, die Sie an uns \u00fcbermitteln, nicht von Dritten mitgelesen werden.<\/p>\n<h4>Links<\/h4>\n<p>Unsere Webseite enth\u00e4lt links zu anderen Websites, auf die wir keinen Einfluss haben. Wir k\u00f6nnen keine Verantwortung f\u00fcr den Datenschutz oder den Inhalt dieser Websites \u00fcbernehmen.<\/p>\n<h3>2. Allgemeine Hinweise und Pflichtinformationen<\/h3>\n<h4>Datenschutz<\/h4>\n<p>Der Schutz Ihrer pers\u00f6nlichen Daten ist uns ein besonderes Anliegen. Wir verarbeiten Ihre Daten daher ausschlie\u00dflich auf Grundlage der gesetzlichen Bestimmungen (DSGVO, TKG 2003). In diesen Datenschutzinformationen informieren wir Sie \u00fcber die wichtigsten Aspekte der Datenverarbeitung im Rahmen unserer Website.<\/p>\n<p>Bei einem Besuch unserer Webseite werden personenbezogene Daten erhoben. Dies sind Daten, mit denen Sie pers\u00f6nlich identifiziert werden k\u00f6nnen. In unserer Datenschutzerkl\u00e4rung erl\u00e4utern wir, welche Daten wir erheben und wof\u00fcr wir sie nutzen.<\/p>\n<h4>\u00c4nderung unserer Datenschutzbestimmungen<\/h4>\n<p>Wir behalten uns gelegentliche Anpassungen dieser Datenschutzerkl\u00e4rung vor, um stets den aktuellen rechtlichen Anforderungen zu entsprechen, z.B. bei Einf\u00fchrung von neuen Services auf unserer Webseite. F\u00fcr Ihren erneuten Besuch gilt dann die neue Datenschutzerkl\u00e4rung.<\/p>\n<h4>Widerruf Ihrer Einwilligung zur Datenverarbeitung<\/h4>\n<p>Eine bereits erteilte Einwilligung in die Verarbeitung Ihrer Daten k\u00f6nnen Sie jederzeit widerrufen. Dazu reicht eine formlose E-Mail an &#x6f;&#x66;&#x66;&#105;&#99;e&#64;&#x6c;&#x6f;&#x67;&#x69;&#110;&#110;s&#46;&#x61;&#x74; Die Rechtm\u00e4\u00dfigkeit der bis zum Widerruf erfolgten Datenverarbeitung bleibt vom Widerruf unber\u00fchrt. Im Falle datenschutzrechtlicher Verst\u00f6\u00dfe steht dem Betroffenen ein Beschwerderecht bei der zust\u00e4ndigen Aufsichtsbeh\u00f6rde zu. In \u00d6sterreich ist dies die Datenschutzbeh\u00f6rde.<\/p>\n<h4>Recht auf Daten\u00fcbertragbarkeit<\/h4>\n<p>Daten, die wir auf Grundlage Ihrer ausdr\u00fccklichen Einwilligung oder in Erf\u00fcllung eines Vertrages automatisiert verarbeiten, werden auf Verlangen in einem g\u00e4ngigen, maschinenlesbaren Format an Sie oder an einen Dritten ausgeh\u00e4ndigt. Sofern Sie die direkte \u00dcbertragung der Daten an einen anderen Verantwortlichen verlangen, erfolgt dies nur, soweit es technisch machbar ist.<\/p>\n<h4>Auskunft, Sperrung, L\u00f6schung<\/h4>\n<p>Laut den geltenden gesetzlichen Bestimmungen haben Sie jederzeit das Recht auf unentgeltliche Auskunft \u00fcber Ihre gespeicherten personenbezogenen Daten, deren Herkunft sowie Empf\u00e4nger, den Zweck der Datenverarbeitung sowie gegebenenfalls das Recht auf Berichtigung, Sperrung oder L\u00f6schung dieser Daten. F\u00fcr diese Auskunft oder sonstige Fragen k\u00f6nnen Sie sich jederzeit an &#111;&#x66;&#x66;&#105;&#x63;&#x65;&#64;&#x6c;&#x6f;&#103;&#x69;&#x6e;&#110;&#x73;&#x2e;&#97;&#x74; wenden.<\/p>\n<h4>Hinweis zur verantwortlichen Stelle<\/h4>\n<p>Die verantwortliche Stelle f\u00fcr die Datenverarbeitung auf dieser Website ist:<\/p>\n<p>Loginns GmbH<br \/>\n\t\t\t\t\t\tZiegeleistra\u00dfe 31<br \/>\n\t\t\t\t\t\t9020 Klagenfurt am W\u00f6rthersee<br \/>\n\t\t\t\t\t\t\u00d6sterreich<\/p>\n<p>Telefon: <a href=\"tel:+436603881934\">+43 660 3881934<\/a><br \/>\n\t\t\t\t\t\tE-Mail: <a href=\"&#109;&#x61;i&#x6c;t&#111;&#x3a;&#111;&#x66;f&#105;&#x63;&#101;&#x40;l&#x6f;&#x67;&#105;&#x6e;n&#x73;&#46;&#97;&#x74;\">o&#102;&#x66;&#x69;&#x63;e&#64;&#108;&#x6f;&#x67;i&#110;&#110;&#x73;&#x2e;at<\/a><\/p>\n<h3>3. Datenerfassung auf unserer Website<\/h3>\n<h4>Cookies<\/h4>\n<p>Auf Internetseiten werden teilweise sogenannte Cookies verwendet. Dabei handelt es sich um kleine Textdateien, die \u00fcber Ihren Browser gespeichert werden und die dazu dienen, die Angebote im Internet nutzerfreundlicher, effektiver und sicherer zu machen. Cookies richten auf Ihrem Rechner keinen Schaden an und enthalten keine Viren.Die meisten der von uns verwendeten Cookies sind so genannte \u201cSession-Cookies\u201d. Sie werden nach Ende Ihres Besuchs automatisch gel\u00f6scht. Andere Cookies bleiben auf Ihrem Endger\u00e4t gespeichert bis Sie diese l\u00f6schen. Diese Cookies erm\u00f6glichen es uns, Ihren Browser beim n\u00e4chsten Besuch wiederzuerkennen.<\/p>\n<p>Ihr Browser kann so konfiguriert werden, dass Sie \u00fcber die Speicherung von Cookies vorher informiert werden, die Speicherung nur im Einzelfall erlaubt wird, die Annahme von Cookies generell oder nur in bestimmten F\u00e4llen erlaubt wird sowie dass Cookies nach Schlie\u00dfen des Browsers automatisch gel\u00f6scht werden. Diese Konfigurationsm\u00f6glichkeiten sind je nach dem verwendeten Browser unterschiedlich vorzunehmen und im Regelfall in der Hilfefunktion oder den Einstellungen einsehbar. Bei der Deaktivierung von Cookies kann die Funktionalit\u00e4t dieser Website eingeschr\u00e4nkt sein.<\/p>\n<p>Cookies, die zur Durchf\u00fchrung des elektronischen Kommunikationsvorgangs oder zur Bereitstellung bestimmter, von Ihnen erw\u00fcnschter Funktionen (z.B. Warenkorbfunktion) erforderlich sind, werden auf Grundlage von Art. 6 Abs. 1 lit. f DSGVO gespeichert. Der Websitebetreiber hat ein berechtigtes Interesse an der Speicherung von Cookies zur technisch fehlerfreien und optimierten Bereitstellung seiner Dienste. Soweit andere Cookies (z.B. Cookies zur Analyse Ihres Surfverhaltens) gespeichert werden, werden diese in dieser Datenschutzerkl\u00e4rung gesondert behandelt.<\/p>\n<h4>Server-Log-Dateien<\/h4>\n<p>Der Provider der Seite kann folgende Informationen in sogenannten Server-Log-Dateien, die Ihr Browser automatisch an uns \u00fcbermittelt, automatisch erheben und speichern. Diese sind, in anonymisierter bzw. pseudonymisierter Form:<\/p>\n<p>Browsertyp und Browserversion<br \/>\n\t\t\t\t\t\tverwendetes Betriebssystem<br \/>\n\t\t\t\t\t\tReferrer URL<br \/>\n\t\t\t\t\t\tUhrzeit der Serveranfrage<br \/>\n\t\t\t\t\t\tIP-Adresse, anomysisiert<br \/>\n\t\t\t\t\t\tEine Zusammenf\u00fchrung dieser Daten mit anderen Datenquellen wird nicht vorgenommen.<\/p>\n<p>Grundlage f\u00fcr die Datenverarbeitung ist Art. 6 Abs. 1 lit. b DSGVO, der die Verarbeitung von Daten zur Erf\u00fcllung eines Vertrags oder vorvertraglicher Ma\u00dfnahmen gestattet.<\/p>\n<h4>Verarbeiten von Daten (Kunden- und Vertragsdaten)<\/h4>\n<p>Wir erheben, verarbeiten und nutzen personenbezogene Daten nur, soweit sie f\u00fcr die Begr\u00fcndung, inhaltliche Ausgestaltung oder \u00c4nderung des Rechtsverh\u00e4ltnisses erforderlich sind (Bestandsdaten). Dies erfolgt auf Grundlage von Art. 6 Abs. 1 lit. b DSGVO, der die Verarbeitung von Daten zur Erf\u00fcllung eines Vertrags oder vorvertraglicher Ma\u00dfnahmen gestattet, und auf Art. 6 Abs. 1 lit. f DSGVO, der die Verarbeitung zur Wahrung der berechtigten Interessen der Verantwortlichen oder eines Dritten regelt. Personenbezogene Daten \u00fcber die Inanspruchnahme unserer Internetseiten (Nutzungsdaten) erheben, verarbeiten und nutzen wir nur, soweit dies erforderlich ist, um dem Nutzer die Inanspruchnahme des Dienstes zu erm\u00f6glichen oder abzurechnen.<\/p>\n<h4>Kontakt- und sonstige Formulare mit \u00dcbertragung personenbezogener Daten<\/h4>\n<p>Wir setzen auf unseren Seiten KEINE Formulare mit \u00dcbertragung personenbezogener Daten ein.<\/p>\n<h3>4. Soziale Medien<\/h3>\n<p>Diese Seite verwendet keine Plugins oder Erweiterungen sozialer Medien.<\/p>\n<h3>5. Plugins und Tools<\/h3>\n<h4>Nutzung von Google Web Fonts (lokale Speicherung)<\/h4>\n<p>Auf dieser Webseite werden Google Fonts der Firma Google Inc. genutzt. F\u00fcr den europ\u00e4ischen Raum ist das Unternehmen Google Ireland Limited (Gordon House, Barrow Street Dublin 4, Irland) verantwortlich. Die Schriftarten sind lokal auf unserem Webserver eingebunden und nicht extern \u00fcber Server von Google. Dadurch gibt es keine Verbindung zu Google-Servern und somit auch keine Daten\u00fcbertragung oder Speicherung.<\/p>\n<h4>OpenStreetMaps<\/h4>\n<p>Wir nutzen Darstellung von Geo-Daten den Open-Source-Karten-Dienst \u201eOpenStreetMaps\u201c (auch \u201eOSM\u201c genannt) der Firma OpenStreetMap Foundation, 132 Maney Hill Road, Sutton Coldfield, West Midlands, B72 1JU, United Kingdom. OSM dient dazu, eine interaktive Karte auf unserer Webseite anzubieten, die Ihnen zeigt, wie Sie uns finden und erreichen k\u00f6nnen. Dieser Dienst erm\u00f6glicht es uns, unsere Webseite ansprechend darzustellen, indem Kartenmaterial von einem externen Server geladen wird. Folgende Daten werden bei der Darstellung an die Server von OSM \u00fcbertragen: Diejenige unserer Internetseiten, die Sie besucht haben und die IP-Adresse Ihres Endger\u00e4tes. Die Rechtsgrundlage f\u00fcr die Verarbeitung Ihrer Daten in Bezug auf den Dienst \u201eOSM\u201c ist Art. 6 Abs. 1 S. 1 Buchstabe f) DSGVO (Berechtigtes Interesse an der Datenverarbeitung). Das berechtigte Interesse ergibt sich aus unserem Bedarf an einer ansprechenden Darstellung unseres Online-Angebots und der leichten Auffindbarkeit der auf unserer Homepage angegebenen Orte.<\/p>\n<p>Mehr Informationen zum Umgang mit Nutzerdaten finden Sie in der Datenschutzerkl\u00e4rung von OSM: https:\/\/wiki.osmfoundation.org\/wiki\/Privacy_Policy<\/p>\n<p><\/p>","protected":false},"excerpt":{"rendered":"<p>1. Datenschutz auf einen Blick Allgemeine Hinweise Mit den folgenden&hellip;<\/p>\n","protected":false},"author":1,"featured_media":0,"parent":0,"menu_order":7,"comment_status":"closed","ping_status":"closed","template":"","meta":{"_acf_changed":false,"inline_featured_image":false,"footnotes":""},"class_list":["post-18","page","type-page","status-publish","hentry"],"acf":[],"yoast_head":"<!-- This site is optimized with the Yoast SEO plugin v27.4 - https:\/\/yoast.com\/product\/yoast-seo-wordpress\/ -->\n<title>Datenschutz - Loginns<\/title>\n<meta name=\"robots\" content=\"index, follow, max-snippet:-1, max-image-preview:large, max-video-preview:-1\" \/>\n<link rel=\"canonical\" href=\"https:\/\/www.loginns.at\/de\/privacy-policy\/\" \/>\n<meta property=\"og:locale\" content=\"de_DE\" \/>\n<meta property=\"og:type\" content=\"article\" \/>\n<meta property=\"og:title\" content=\"Datenschutz - Loginns\" \/>\n<meta property=\"og:description\" content=\"1. Datenschutz auf einen Blick Allgemeine Hinweise Mit den folgenden&hellip;\" \/>\n<meta property=\"og:url\" content=\"https:\/\/www.loginns.at\/de\/privacy-policy\/\" \/>\n<meta property=\"og:site_name\" content=\"Loginns\" \/>\n<meta property=\"article:modified_time\" content=\"2025-11-07T10:17:22+00:00\" \/>\n<meta name=\"twitter:card\" content=\"summary_large_image\" \/>\n<script type=\"application\/ld+json\" class=\"yoast-schema-graph\">{\"@context\":\"https:\\\/\\\/schema.org\",\"@graph\":[{\"@type\":\"WebPage\",\"@id\":\"https:\\\/\\\/www.loginns.at\\\/de\\\/privacy-policy\\\/\",\"url\":\"https:\\\/\\\/www.loginns.at\\\/de\\\/privacy-policy\\\/\",\"name\":\"Datenschutz - Loginns\",\"isPartOf\":{\"@id\":\"https:\\\/\\\/www.loginns.at\\\/de\\\/#website\"},\"datePublished\":\"2025-11-07T09:50:16+00:00\",\"dateModified\":\"2025-11-07T10:17:22+00:00\",\"breadcrumb\":{\"@id\":\"https:\\\/\\\/www.loginns.at\\\/de\\\/privacy-policy\\\/#breadcrumb\"},\"inLanguage\":\"de\",\"potentialAction\":[{\"@type\":\"ReadAction\",\"target\":[[\"https:\\\/\\\/www.loginns.at\\\/de\\\/privacy-policy\\\/\"]]}]},{\"@type\":\"BreadcrumbList\",\"@id\":\"https:\\\/\\\/www.loginns.at\\\/de\\\/privacy-policy\\\/#breadcrumb\",\"itemListElement\":[{\"@type\":\"ListItem\",\"position\":1,\"name\":\"Startseite\",\"item\":\"https:\\\/\\\/www.loginns.at\\\/de\\\/\"},{\"@type\":\"ListItem\",\"position\":2,\"name\":\"Datenschutz\"}]},{\"@type\":\"WebSite\",\"@id\":\"https:\\\/\\\/www.loginns.at\\\/de\\\/#website\",\"url\":\"https:\\\/\\\/www.loginns.at\\\/de\\\/\",\"name\":\"Loginns\",\"description\":\"\",\"potentialAction\":[{\"@type\":\"SearchAction\",\"target\":{\"@type\":\"EntryPoint\",\"urlTemplate\":\"https:\\\/\\\/www.loginns.at\\\/de\\\/?s={search_term_string}\"},\"query-input\":{\"@type\":\"PropertyValueSpecification\",\"valueRequired\":true,\"valueName\":\"search_term_string\"}}],\"inLanguage\":\"de\"}]}<\/script>\n<!-- \/ Yoast SEO plugin. -->","yoast_head_json":{"title":"Datenschutz - Loginns","robots":{"index":"index","follow":"follow","max-snippet":"max-snippet:-1","max-image-preview":"max-image-preview:large","max-video-preview":"max-video-preview:-1"},"canonical":"https:\/\/www.loginns.at\/de\/privacy-policy\/","og_locale":"de_DE","og_type":"article","og_title":"Datenschutz - Loginns","og_description":"1. Datenschutz auf einen Blick Allgemeine Hinweise Mit den folgenden&hellip;","og_url":"https:\/\/www.loginns.at\/de\/privacy-policy\/","og_site_name":"Loginns","article_modified_time":"2025-11-07T10:17:22+00:00","twitter_card":"summary_large_image","schema":{"@context":"https:\/\/schema.org","@graph":[{"@type":"WebPage","@id":"https:\/\/www.loginns.at\/de\/privacy-policy\/","url":"https:\/\/www.loginns.at\/de\/privacy-policy\/","name":"Datenschutz - Loginns","isPartOf":{"@id":"https:\/\/www.loginns.at\/de\/#website"},"datePublished":"2025-11-07T09:50:16+00:00","dateModified":"2025-11-07T10:17:22+00:00","breadcrumb":{"@id":"https:\/\/www.loginns.at\/de\/privacy-policy\/#breadcrumb"},"inLanguage":"de","potentialAction":[{"@type":"ReadAction","target":[["https:\/\/www.loginns.at\/de\/privacy-policy\/"]]}]},{"@type":"BreadcrumbList","@id":"https:\/\/www.loginns.at\/de\/privacy-policy\/#breadcrumb","itemListElement":[{"@type":"ListItem","position":1,"name":"Startseite","item":"https:\/\/www.loginns.at\/de\/"},{"@type":"ListItem","position":2,"name":"Datenschutz"}]},{"@type":"WebSite","@id":"https:\/\/www.loginns.at\/de\/#website","url":"https:\/\/www.loginns.at\/de\/","name":"Loginns","description":"","potentialAction":[{"@type":"SearchAction","target":{"@type":"EntryPoint","urlTemplate":"https:\/\/www.loginns.at\/de\/?s={search_term_string}"},"query-input":{"@type":"PropertyValueSpecification","valueRequired":true,"valueName":"search_term_string"}}],"inLanguage":"de"}]}},"_links":{"self":[{"href":"https:\/\/www.loginns.at\/de\/wp-json\/wp\/v2\/pages\/18","targetHints":{"allow":["GET"]}}],"collection":[{"href":"https:\/\/www.loginns.at\/de\/wp-json\/wp\/v2\/pages"}],"about":[{"href":"https:\/\/www.loginns.at\/de\/wp-json\/wp\/v2\/types\/page"}],"author":[{"embeddable":true,"href":"https:\/\/www.loginns.at\/de\/wp-json\/wp\/v2\/users\/1"}],"replies":[{"embeddable":true,"href":"https:\/\/www.loginns.at\/de\/wp-json\/wp\/v2\/comments?post=18"}],"version-history":[{"count":2,"href":"https:\/\/www.loginns.at\/de\/wp-json\/wp\/v2\/pages\/18\/revisions"}],"predecessor-version":[{"id":35,"href":"https:\/\/www.loginns.at\/de\/wp-json\/wp\/v2\/pages\/18\/revisions\/35"}],"wp:attachment":[{"href":"https:\/\/www.loginns.at\/de\/wp-json\/wp\/v2\/media?parent=18"}],"curies":[{"name":"wp","href":"https:\/\/api.w.org\/{rel}","templated":true}]}}